{"id":570,"date":"2018-10-01T13:10:24","date_gmt":"2018-10-01T13:10:24","guid":{"rendered":"https:\/\/naanerie.fr\/index.php\/menu\/"},"modified":"2023-10-09T10:07:59","modified_gmt":"2023-10-09T10:07:59","slug":"menu","status":"publish","type":"page","link":"https:\/\/naanerie.fr\/index.php\/menu\/","title":{"rendered":"Menu"},"content":{"rendered":"\t\t<div data-elementor-type=\"wp-post\" data-elementor-id=\"570\" class=\"elementor elementor-570\">\n\t\t\t\t\t\t<section class=\"elementor-section elementor-top-section elementor-element elementor-element-3c1849c2 elementor-section-height-min-height elementor-section-content-middle elementor-section-boxed elementor-section-height-default elementor-section-items-middle wpr-particle-no wpr-jarallax-no wpr-parallax-no wpr-sticky-section-no\" data-id=\"3c1849c2\" data-element_type=\"section\" data-settings=\"{&quot;background_background&quot;:&quot;classic&quot;}\">\n\t\t\t\t\t\t\t<div class=\"elementor-background-overlay\"><\/div>\n\t\t\t\t\t\t\t<div class=\"elementor-container elementor-column-gap-extended\">\n\t\t\t\t\t<div class=\"elementor-column elementor-col-100 elementor-top-column elementor-element elementor-element-19e5d963\" data-id=\"19e5d963\" data-element_type=\"column\">\n\t\t\t<div class=\"elementor-widget-wrap elementor-element-populated\">\n\t\t\t\t\t\t<div class=\"elementor-element elementor-element-f62f45f elementor-widget elementor-widget-heading\" data-id=\"f62f45f\" data-element_type=\"widget\" data-widget_type=\"heading.default\">\n\t\t\t\t<div class=\"elementor-widget-container\">\n\t\t\t<style>\/*! elementor - v3.21.0 - 26-05-2024 *\/\n.elementor-heading-title{padding:0;margin:0;line-height:1}.elementor-widget-heading .elementor-heading-title[class*=elementor-size-]>a{color:inherit;font-size:inherit;line-height:inherit}.elementor-widget-heading .elementor-heading-title.elementor-size-small{font-size:15px}.elementor-widget-heading .elementor-heading-title.elementor-size-medium{font-size:19px}.elementor-widget-heading .elementor-heading-title.elementor-size-large{font-size:29px}.elementor-widget-heading .elementor-heading-title.elementor-size-xl{font-size:39px}.elementor-widget-heading .elementor-heading-title.elementor-size-xxl{font-size:59px}<\/style><h2 class=\"elementor-heading-title elementor-size-default\">D\u00e9couvre la puissance du Cheese Naan<\/h2>\t\t<\/div>\n\t\t\t\t<\/div>\n\t\t\t\t\t<\/div>\n\t\t<\/div>\n\t\t\t\t\t<\/div>\n\t\t<\/section>\n\t\t<div class=\"elementor-element elementor-element-5d442e6 e-flex e-con-boxed wpr-particle-no wpr-jarallax-no wpr-parallax-no wpr-sticky-section-no e-con e-parent\" data-id=\"5d442e6\" data-element_type=\"container\" data-settings=\"{&quot;background_background&quot;:&quot;classic&quot;}\">\n\t\t\t\t\t<div class=\"e-con-inner\">\n\t\t\t\t<div class=\"elementor-element elementor-element-e4dd56c elementor-widget elementor-widget-narestaurant_unique_foodtab\" data-id=\"e4dd56c\" data-element_type=\"widget\" data-widget_type=\"narestaurant_unique_foodtab.default\">\n\t\t\t\t<div class=\"elementor-widget-container\">\n\t\t\t<div class=\"narep-fod-tab-item toggle-align\">\n\t\t\t          <div class=\"nich-row nich-align-items-center\">\n\t\t\t            <div class=\"nich-col-lg-6 nich-order-2\"><div class=\"narep-tab-food\"><div class=\"narep-tab-img active\" id=\"narep-11\"><div class=\"narep-image\"><img decoding=\"async\" src=\"https:\/\/naanerie.fr\/wp-content\/uploads\/2023\/09\/Nos-naans-site.jpg\" alt=\"CHEESE NAAN\"><\/div><\/div><div class=\"narep-tab-img\" id=\"narep-22\"><div class=\"narep-image\"><img decoding=\"async\" src=\"https:\/\/naanerie.fr\/wp-content\/uploads\/2023\/09\/nosblack.jpg\" alt=\"BLACK NAAN\u00ae\"><\/div><\/div><div class=\"narep-tab-img\" id=\"narep-33\"><div class=\"narep-image\"><img decoding=\"async\" src=\"https:\/\/naanerie.fr\/wp-content\/uploads\/2023\/09\/nosnaanburger.jpg\" alt=\"NAAN BURGER\"><\/div><\/div><div class=\"narep-tab-img\" id=\"narep-44\"><div class=\"narep-image\"><img decoding=\"async\" src=\"https:\/\/naanerie.fr\/wp-content\/uploads\/2023\/09\/nosbowl-1.jpg\" alt=\"BOWL\"><\/div><\/div><div class=\"narep-tab-img\" id=\"narep-55\"><div class=\"narep-image\"><img decoding=\"async\" src=\"https:\/\/naanerie.fr\/wp-content\/uploads\/2023\/09\/nossweetnaan.jpg\" alt=\"SWEET NAAN\"><\/div><\/div><div class=\"narep-tab-img\" id=\"narep-6finger-food\"><div class=\"narep-image\"><img decoding=\"async\" src=\"https:\/\/naanerie.fr\/wp-content\/uploads\/2023\/09\/nosfinger.jpg\" alt=\"FINGER FOOD\"><\/div><\/div><\/div><\/div>\n\t\t\t            <div class=\"nich-col-lg-6 nich-order-1\">\n\t\t\t              <div class=\"narep-fod-tab-info\">\n\t\t\t                <div class=\"narep-fod-tab-main-title\"><div class=\"narep-tab-food narep-food-num\"><div class=\"narep-tab-img active\" id=\"narep-11\"><h2 class=\"narep-fod-tab-counter\">01<\/h2><\/div><div class=\"narep-tab-img\" id=\"narep-22\"><h2 class=\"narep-fod-tab-counter\">02<\/h2><\/div><div class=\"narep-tab-img\" id=\"narep-33\"><h2 class=\"narep-fod-tab-counter\">03<\/h2><\/div><div class=\"narep-tab-img\" id=\"narep-44\"><h2 class=\"narep-fod-tab-counter\">04<\/h2><\/div><div class=\"narep-tab-img\" id=\"narep-55\"><h2 class=\"narep-fod-tab-counter\">05<\/h2><\/div><div class=\"narep-tab-img\" id=\"narep-6finger-food\"><h2 class=\"narep-fod-tab-counter\">06<\/h2><\/div><\/div><h3 class=\"narep-fod-tab-title\">NOTRE CARTE<\/h3><\/div>\n\t\t\t                <div class=\"narep-food-tab\"><a href=\"#narep-11\" class=\"active\">\n\t\t\t\t\t                  \t\t\t\t\t\t\t<div class=\"narep-fod-tab-info-item\">\n\t\t\t\t\t\t\t\t\t\t\t\t\t                  \n\t\t\t\t\t\t\t\t\t\t\t\t\t                  <div class=\"narep-fod-tab-item-info\">\n\t\t\t\t\t\t\t\t\t\t\t\t\t                    <h4 class=\"narep-fod-tab-info-title\">CHEESE NAAN<\/h4><p>Nos Classiques compos\u00e9 d'un Cheese Naan original NBK<\/p>\n\t\t\t\t\t\t\t\t\t\t\t\t\t                  <\/div>\n\t\t\t\t\t\t\t\t\t\t\t\t\t                <\/div>\n\t\t\t\t\t\t\t\t\t\t\t\t                <\/a><a href=\"#narep-22\">\n\t\t\t\t\t                  \t\t\t\t\t\t\t<div class=\"narep-fod-tab-info-item\">\n\t\t\t\t\t\t\t\t\t\t\t\t\t                  \n\t\t\t\t\t\t\t\t\t\t\t\t\t                  <div class=\"narep-fod-tab-item-info\">\n\t\t\t\t\t\t\t\t\t\t\t\t\t                    <h4 class=\"narep-fod-tab-info-title\">BLACK NAAN\u00ae<\/h4><p>Notre gamme Signature compos\u00e9 d'un Cheese Naan Black ! Une cr\u00e9ation NBK NAANERIE !<\/p>\n\t\t\t\t\t\t\t\t\t\t\t\t\t                  <\/div>\n\t\t\t\t\t\t\t\t\t\t\t\t\t                <\/div>\n\t\t\t\t\t\t\t\t\t\t\t\t                <\/a><a href=\"#narep-33\">\n\t\t\t\t\t                  \t\t\t\t\t\t\t<div class=\"narep-fod-tab-info-item\">\n\t\t\t\t\t\t\t\t\t\t\t\t\t                  \n\t\t\t\t\t\t\t\t\t\t\t\t\t                  <div class=\"narep-fod-tab-item-info\">\n\t\t\t\t\t\t\t\t\t\t\t\t\t                    <h4 class=\"narep-fod-tab-info-title\">NAAN BURGER<\/h4><p>Marre du pain bun ! Deux petits cheese naan et le burger prend une autre direction !<\/p>\n\t\t\t\t\t\t\t\t\t\t\t\t\t                  <\/div>\n\t\t\t\t\t\t\t\t\t\t\t\t\t                <\/div>\n\t\t\t\t\t\t\t\t\t\t\t\t                <\/a><a href=\"#narep-44\">\n\t\t\t\t\t                  \t\t\t\t\t\t\t<div class=\"narep-fod-tab-info-item\">\n\t\t\t\t\t\t\t\t\t\t\t\t\t                  \n\t\t\t\t\t\t\t\t\t\t\t\t\t                  <div class=\"narep-fod-tab-item-info\">\n\t\t\t\t\t\t\t\t\t\t\t\t\t                    <h4 class=\"narep-fod-tab-info-title\">BOWL<\/h4><p>Tu pr\u00e9f\u00e8res manger avec des couverts, d\u00e9couvre notre gamme de Bowl<\/p>\n\t\t\t\t\t\t\t\t\t\t\t\t\t                  <\/div>\n\t\t\t\t\t\t\t\t\t\t\t\t\t                <\/div>\n\t\t\t\t\t\t\t\t\t\t\t\t                <\/a><a href=\"#narep-55\">\n\t\t\t\t\t                  \t\t\t\t\t\t\t<div class=\"narep-fod-tab-info-item\">\n\t\t\t\t\t\t\t\t\t\t\t\t\t                  \n\t\t\t\t\t\t\t\t\t\t\t\t\t                  <div class=\"narep-fod-tab-item-info\">\n\t\t\t\t\t\t\t\t\t\t\t\t\t                    <h4 class=\"narep-fod-tab-info-title\">SWEET NAAN<\/h4><p>Chez nous le Naan c'est aussi en dessert <\/p>\n\t\t\t\t\t\t\t\t\t\t\t\t\t                  <\/div>\n\t\t\t\t\t\t\t\t\t\t\t\t\t                <\/div>\n\t\t\t\t\t\t\t\t\t\t\t\t                <\/a><a href=\"#narep-6finger-food\">\n\t\t\t\t\t                  \t\t\t\t\t\t\t<div class=\"narep-fod-tab-info-item\">\n\t\t\t\t\t\t\t\t\t\t\t\t\t                  \n\t\t\t\t\t\t\t\t\t\t\t\t\t                  <div class=\"narep-fod-tab-item-info\">\n\t\t\t\t\t\t\t\t\t\t\t\t\t                    <h4 class=\"narep-fod-tab-info-title\">FINGER FOOD<\/h4>\n\t\t\t\t\t\t\t\t\t\t\t\t\t                  <\/div>\n\t\t\t\t\t\t\t\t\t\t\t\t\t                <\/div>\n\t\t\t\t\t\t\t\t\t\t\t\t                <\/a><\/div>\n      \t\t\t\t\t\t\t<\/div>\n\t\t\t            <\/div>\n\t\t\t          <\/div>\n\t\t\t        <\/div>\t\t<\/div>\n\t\t\t\t<\/div>\n\t\t\t\t\t<\/div>\n\t\t\t\t<\/div>\n\t\t\t\t<\/div>\n\t\t","protected":false},"excerpt":{"rendered":"<p>D\u00e9couvre la puissance du Cheese Naan 01 02 03 04 05 06 NOTRE CARTE CHEESE NAAN Nos Classiques compos\u00e9 d&#8217;un Cheese Naan original NBK BLACK NAAN\u00ae Notre gamme Signature compos\u00e9 d&#8217;un Cheese Naan Black ! Une cr\u00e9ation NBK NAANERIE ! NAAN BURGER Marre du pain bun ! Deux petits cheese naan et le burger prend&#8230;<\/p>\n","protected":false},"author":1,"featured_media":0,"parent":0,"menu_order":4,"comment_status":"closed","ping_status":"closed","template":"elementor_header_footer","meta":{"site-sidebar-layout":"no-sidebar","site-content-layout":"page-builder","ast-site-content-layout":"","site-content-style":"default","site-sidebar-style":"default","ast-global-header-display":"","ast-banner-title-visibility":"","ast-main-header-display":"","ast-hfb-above-header-display":"","ast-hfb-below-header-display":"","ast-hfb-mobile-header-display":"","site-post-title":"disabled","ast-breadcrumbs-content":"","ast-featured-img":"disabled","footer-sml-layout":"","theme-transparent-header-meta":"","adv-header-id-meta":"","stick-header-meta":"","header-above-stick-meta":"","header-main-stick-meta":"","header-below-stick-meta":"","astra-migrate-meta-layouts":"default","ast-page-background-enabled":"default","ast-page-background-meta":{"desktop":{"background-color":"","background-image":"","background-repeat":"repeat","background-position":"center center","background-size":"auto","background-attachment":"scroll","background-type":"","background-media":"","overlay-type":"","overlay-color":"","overlay-gradient":""},"tablet":{"background-color":"","background-image":"","background-repeat":"repeat","background-position":"center center","background-size":"auto","background-attachment":"scroll","background-type":"","background-media":"","overlay-type":"","overlay-color":"","overlay-gradient":""},"mobile":{"background-color":"","background-image":"","background-repeat":"repeat","background-position":"center center","background-size":"auto","background-attachment":"scroll","background-type":"","background-media":"","overlay-type":"","overlay-color":"","overlay-gradient":""}},"ast-content-background-meta":{"desktop":{"background-color":"var(--ast-global-color-5)","background-image":"","background-repeat":"repeat","background-position":"center center","background-size":"auto","background-attachment":"scroll","background-type":"","background-media":"","overlay-type":"","overlay-color":"","overlay-gradient":""},"tablet":{"background-color":"var(--ast-global-color-5)","background-image":"","background-repeat":"repeat","background-position":"center center","background-size":"auto","background-attachment":"scroll","background-type":"","background-media":"","overlay-type":"","overlay-color":"","overlay-gradient":""},"mobile":{"background-color":"var(--ast-global-color-5)","background-image":"","background-repeat":"repeat","background-position":"center center","background-size":"auto","background-attachment":"scroll","background-type":"","background-media":"","overlay-type":"","overlay-color":"","overlay-gradient":""}},"footnotes":""},"_links":{"self":[{"href":"https:\/\/naanerie.fr\/index.php\/wp-json\/wp\/v2\/pages\/570"}],"collection":[{"href":"https:\/\/naanerie.fr\/index.php\/wp-json\/wp\/v2\/pages"}],"about":[{"href":"https:\/\/naanerie.fr\/index.php\/wp-json\/wp\/v2\/types\/page"}],"author":[{"embeddable":true,"href":"https:\/\/naanerie.fr\/index.php\/wp-json\/wp\/v2\/users\/1"}],"replies":[{"embeddable":true,"href":"https:\/\/naanerie.fr\/index.php\/wp-json\/wp\/v2\/comments?post=570"}],"version-history":[{"count":34,"href":"https:\/\/naanerie.fr\/index.php\/wp-json\/wp\/v2\/pages\/570\/revisions"}],"predecessor-version":[{"id":934,"href":"https:\/\/naanerie.fr\/index.php\/wp-json\/wp\/v2\/pages\/570\/revisions\/934"}],"wp:attachment":[{"href":"https:\/\/naanerie.fr\/index.php\/wp-json\/wp\/v2\/media?parent=570"}],"curies":[{"name":"wp","href":"https:\/\/api.w.org\/{rel}","templated":true}]}}